{"id":10,"date":"2020-04-01T15:47:53","date_gmt":"2020-04-01T15:47:53","guid":{"rendered":"http:\/\/rockit-bau.de\/?page_id=10"},"modified":"2020-04-01T15:47:53","modified_gmt":"2020-04-01T15:47:53","slug":"impressum","status":"publish","type":"page","link":"https:\/\/rockit-bau.de\/?page_id=10","title":{"rendered":"Impressum"},"content":{"rendered":"\n<p><strong>ROCKiT<\/strong>&nbsp;RF GmbH<\/p>\n\n\n\n<p>Kopenhagener Stra\u00dfe 78<\/p>\n\n\n\n<p>10437 Berlin<\/p>\n\n\n\n<p>Mail: info[at]rock-it.team<\/p>\n\n\n\n<p>Fon: 030 \u2013 44 04 30 00<\/p>\n\n\n\n<p>Gesch\u00e4ftsf\u00fchrer: Robert Biesewig<\/p>\n\n\n\n<p>Amtsgericht Charlottenburg<\/p>\n\n\n\n<p>HRB 196899 B<\/p>\n\n\n\n<p>Umsatzsteueridentifikationsnummer: DE319524319<\/p>\n\n\n\n<p>Inhaltlich Verantwortlicher: Robert Biesewig (Anschrift s. o.)<\/p>\n\n\n\n<p>Zust\u00e4ndige Aufsichtsbeh\u00f6rde:<\/p>\n\n\n\n<p>Agentur f\u00fcr Arbeit Kiel<\/p>\n\n\n\n<p>Adolf-Westphal-Stra\u00dfe 2<\/p>\n\n\n\n<p>24143 Kiel<\/p>\n","protected":false},"excerpt":{"rendered":"<p>ROCKiT&nbsp;RF GmbH Kopenhagener Stra\u00dfe 78 10437 Berlin Mail: info[at]rock-it.team Fon: 030 \u2013 44 04 30 00 Gesch\u00e4ftsf\u00fchrer: Robert Biesewig Amtsgericht Charlottenburg HRB 196899 B Umsatzsteueridentifikationsnummer: DE319524319 Inhaltlich Verantwortlicher: Robert Biesewig (Anschrift s. o.) Zust\u00e4ndige Aufsichtsbeh\u00f6rde: Agentur f\u00fcr Arbeit Kiel Adolf-Westphal-Stra\u00dfe 2 24143 Kiel<\/p>\n","protected":false},"author":1,"featured_media":0,"parent":0,"menu_order":0,"comment_status":"closed","ping_status":"closed","template":"","meta":{"_mi_skip_tracking":false,"_monsterinsights_sitenote_active":false,"_monsterinsights_sitenote_note":"","_monsterinsights_sitenote_category":0},"_links":{"self":[{"href":"https:\/\/rockit-bau.de\/index.php?rest_route=\/wp\/v2\/pages\/10"}],"collection":[{"href":"https:\/\/rockit-bau.de\/index.php?rest_route=\/wp\/v2\/pages"}],"about":[{"href":"https:\/\/rockit-bau.de\/index.php?rest_route=\/wp\/v2\/types\/page"}],"author":[{"embeddable":true,"href":"https:\/\/rockit-bau.de\/index.php?rest_route=\/wp\/v2\/users\/1"}],"replies":[{"embeddable":true,"href":"https:\/\/rockit-bau.de\/index.php?rest_route=%2Fwp%2Fv2%2Fcomments&post=10"}],"version-history":[{"count":1,"href":"https:\/\/rockit-bau.de\/index.php?rest_route=\/wp\/v2\/pages\/10\/revisions"}],"predecessor-version":[{"id":11,"href":"https:\/\/rockit-bau.de\/index.php?rest_route=\/wp\/v2\/pages\/10\/revisions\/11"}],"wp:attachment":[{"href":"https:\/\/rockit-bau.de\/index.php?rest_route=%2Fwp%2Fv2%2Fmedia&parent=10"}],"curies":[{"name":"wp","href":"https:\/\/api.w.org\/{rel}","templated":true}]}}